{"id":378,"date":"2025-10-13T14:01:33","date_gmt":"2025-10-13T12:01:33","guid":{"rendered":"https:\/\/kinglow-karaoke.at\/?page_id=378"},"modified":"2026-01-05T09:02:43","modified_gmt":"2026-01-05T08:02:43","slug":"anlaesse","status":"publish","type":"page","link":"https:\/\/kinglow-karaoke.at\/en\/anlaesse\/","title":{"rendered":"Events"},"content":{"rendered":"<div data-elementor-type=\"wp-page\" data-elementor-id=\"378\" class=\"elementor elementor-378\" data-elementor-post-type=\"page\">\n\t\t\t\t<div class=\"elementor-element elementor-element-3aa8f45 e-flex e-con-boxed e-con e-parent\" data-id=\"3aa8f45\" data-element_type=\"container\" data-settings=\"{&quot;background_background&quot;:&quot;classic&quot;}\">\n\t\t\t\t\t<div class=\"e-con-inner\">\n\t\t\t\t<div class=\"elementor-element elementor-element-4302bc6 elementor-widget elementor-widget-spacer\" data-id=\"4302bc6\" data-element_type=\"widget\" data-widget_type=\"spacer.default\">\n\t\t\t\t\t\t\t<div class=\"elementor-spacer\">\n\t\t\t<div class=\"elementor-spacer-inner\"><\/div>\n\t\t<\/div>\n\t\t\t\t\t\t<\/div>\n\t\t\t\t<div class=\"elementor-element elementor-element-2040e20 elementor-widget elementor-widget-heading\" data-id=\"2040e20\" data-element_type=\"widget\" data-widget_type=\"heading.default\">\n\t\t\t\t\t<h2 class=\"elementor-heading-title elementor-size-default\">Every occasion deserves<br> a little Glow.<\/h2>\t\t\t\t<\/div>\n\t\t\t\t\t<\/div>\n\t\t\t\t<\/div>\n\t\t<div class=\"elementor-element elementor-element-f1c6932 e-flex e-con-boxed e-con e-parent\" data-id=\"f1c6932\" data-element_type=\"container\" data-settings=\"{&quot;background_background&quot;:&quot;classic&quot;}\">\n\t\t\t\t\t<div class=\"e-con-inner\">\n\t\t\t\t<div class=\"elementor-element elementor-element-bfc5f99 elementor-hidden-mobile elementor-widget elementor-widget-spacer\" data-id=\"bfc5f99\" data-element_type=\"widget\" data-widget_type=\"spacer.default\">\n\t\t\t\t\t\t\t<div class=\"elementor-spacer\">\n\t\t\t<div class=\"elementor-spacer-inner\"><\/div>\n\t\t<\/div>\n\t\t\t\t\t\t<\/div>\n\t\t\t\t\t<\/div>\n\t\t\t\t<\/div>\n\t\t<div class=\"elementor-element elementor-element-3cd010b e-flex e-con-boxed e-con e-parent\" data-id=\"3cd010b\" data-element_type=\"container\">\n\t\t\t\t\t<div class=\"e-con-inner\">\n\t\t\t\t<div class=\"elementor-element elementor-element-c2bbebc elementor-widget elementor-widget-heading\" data-id=\"c2bbebc\" data-element_type=\"widget\" data-widget_type=\"heading.default\">\n\t\t\t\t\t<h3 class=\"elementor-heading-title elementor-size-default\">Your event at KinGlow<\/h3>\t\t\t\t<\/div>\n\t\t\t\t<div class=\"elementor-element elementor-element-8efc6fe elementor-hidden-mobile elementor-widget elementor-widget-spacer\" data-id=\"8efc6fe\" data-element_type=\"widget\" data-widget_type=\"spacer.default\">\n\t\t\t\t\t\t\t<div class=\"elementor-spacer\">\n\t\t\t<div class=\"elementor-spacer-inner\"><\/div>\n\t\t<\/div>\n\t\t\t\t\t\t<\/div>\n\t\t<div class=\"elementor-element elementor-element-de9a316 e-con-full e-flex e-con e-child\" data-id=\"de9a316\" data-element_type=\"container\">\n\t\t\t\t<div class=\"elementor-element elementor-element-7e2edc3 elementor-widget__width-initial elementor-widget elementor-widget-rkit-counter\" data-id=\"7e2edc3\" data-element_type=\"widget\" data-widget_type=\"rkit-counter.default\">\n\t\t\t\t<div class=\"elementor-widget-container\">\n\t\t\t\t\t        <div class=\"rkit-counter\" data-start=\"0\" data-value=\"8\" data-duration=\"1000\" data-step=\"1\" data-separator=\"{&quot;thousand_separator&quot;:false,&quot;separator&quot;:null}\">\r\n            <div class=\"counter-container\">\r\n                <div class=\"counter\">\r\n                    <span class=\"counter-preffix\"><\/span>\r\n                    <span class=\"count\"><\/span>\r\n                    <span class=\"counter-suffix\"><\/span>\r\n                <\/div>\r\n                <span class=\"counter-title\">Choose from 8 rooms<\/span>\r\n            <\/div>\r\n        <\/div>\r\n\t\t\t\t<\/div>\n\t\t\t\t<\/div>\n\t\t\t\t<div class=\"elementor-element elementor-element-f04640a elementor-widget__width-initial elementor-widget elementor-widget-rkit-counter\" data-id=\"f04640a\" data-element_type=\"widget\" data-widget_type=\"rkit-counter.default\">\n\t\t\t\t<div class=\"elementor-widget-container\">\n\t\t\t\t\t        <div class=\"rkit-counter\" data-start=\"0\" data-value=\"30\" data-duration=\"1000\" data-step=\"1\" data-separator=\"{&quot;thousand_separator&quot;:false,&quot;separator&quot;:null}\">\r\n            <div class=\"counter-container\">\r\n                <div class=\"counter\">\r\n                    <span class=\"counter-preffix\"><\/span>\r\n                    <span class=\"count\"><\/span>\r\n                    <span class=\"counter-suffix\"><\/span>\r\n                <\/div>\r\n                <span class=\"counter-title\">Invite up to 30 people<\/span>\r\n            <\/div>\r\n        <\/div>\r\n\t\t\t\t<\/div>\n\t\t\t\t<\/div>\n\t\t\t\t<div class=\"elementor-element elementor-element-bcde356 elementor-widget__width-initial elementor-widget elementor-widget-rkit-counter\" data-id=\"bcde356\" data-element_type=\"widget\" data-widget_type=\"rkit-counter.default\">\n\t\t\t\t<div class=\"elementor-widget-container\">\n\t\t\t\t\t        <div class=\"rkit-counter\" data-start=\"0\" data-value=\"4\" data-duration=\"1000\" data-step=\"1\" data-separator=\"{&quot;thousand_separator&quot;:false,&quot;separator&quot;:null}\">\r\n            <div class=\"counter-container\">\r\n                <div class=\"counter\">\r\n                    <span class=\"counter-preffix\"><\/span>\r\n                    <span class=\"count\"><\/span>\r\n                    <span class=\"counter-suffix\"><\/span>\r\n                <\/div>\r\n                <span class=\"counter-title\">Party until 4 a.m.<\/span>\r\n            <\/div>\r\n        <\/div>\r\n\t\t\t\t<\/div>\n\t\t\t\t<\/div>\n\t\t\t\t<div class=\"elementor-element elementor-element-06ee32e elementor-widget__width-initial elementor-widget elementor-widget-rkit-counter\" data-id=\"06ee32e\" data-element_type=\"widget\" data-widget_type=\"rkit-counter.default\">\n\t\t\t\t<div class=\"elementor-widget-container\">\n\t\t\t\t\t        <div class=\"rkit-counter\" data-start=\"0\" data-value=\"1000\" data-duration=\"1000\" data-step=\"10\" data-separator=\"{&quot;thousand_separator&quot;:false,&quot;separator&quot;:null}\">\r\n            <div class=\"counter-container\">\r\n                <div class=\"counter\">\r\n                    <span class=\"counter-preffix\">&gt;<\/span>\r\n                    <span class=\"count\"><\/span>\r\n                    <span class=\"counter-suffix\"><\/span>\r\n                <\/div>\r\n                <span class=\"counter-title\">Choose from &gt;1000 songs<\/span>\r\n            <\/div>\r\n        <\/div>\r\n\t\t\t\t<\/div>\n\t\t\t\t<\/div>\n\t\t\t\t<\/div>\n\t\t\t\t<div class=\"elementor-element elementor-element-34137d9 elementor-widget elementor-widget-spacer\" data-id=\"34137d9\" data-element_type=\"widget\" data-widget_type=\"spacer.default\">\n\t\t\t\t\t\t\t<div class=\"elementor-spacer\">\n\t\t\t<div class=\"elementor-spacer-inner\"><\/div>\n\t\t<\/div>\n\t\t\t\t\t\t<\/div>\n\t\t\t\t\t<\/div>\n\t\t\t\t<\/div>\n\t\t<div class=\"elementor-element elementor-element-ad1c115 e-flex e-con-boxed e-con e-parent\" data-id=\"ad1c115\" data-element_type=\"container\" data-settings=\"{&quot;background_background&quot;:&quot;classic&quot;}\">\n\t\t\t\t\t<div class=\"e-con-inner\">\n\t\t\t\t<div class=\"elementor-element elementor-element-4ee9dcf elementor-widget__width-initial elementor-hidden-mobile elementor-widget elementor-widget-rkit-running_text\" data-id=\"4ee9dcf\" data-element_type=\"widget\" data-widget_type=\"rkit-running_text.default\">\n\t\t\t\t<div class=\"elementor-widget-container\">\n\t\t\t\t\t\r\n        <div class=\"rkit-text-marquee\">\r\n            <div class=\"rkit-marquee-container\">\r\n                <div class=\"rkit-marquee-content\">\r\n                                            <div class=\"rkit-marquee-item elementor-repeater-item-d3a7c83\">\r\n                            <h3 class=\"rkit-marquee-item-content\">\r\n\r\n                                \r\n                                                                    <div style=\"width: 0px; height:0px;\"> <\/div>\r\n                                \r\n\r\n                                <div class=\"rkit-running-text__text\">\r\n                                    private, air conditioned rooms                                <\/div>\r\n\r\n                                <\/dh3>\r\n                        <\/div>\r\n                                            <div class=\"rkit-marquee-item elementor-repeater-item-d173e8c\">\r\n                            <h3 class=\"rkit-marquee-item-content\">\r\n\r\n                                \r\n                                                                    <div style=\"width: 0px; height:0px;\"> <\/div>\r\n                                \r\n\r\n                                <div class=\"rkit-running-text__text\">\r\n                                    top sound &amp; lighting                                <\/div>\r\n\r\n                                <\/dh3>\r\n                        <\/div>\r\n                                            <div class=\"rkit-marquee-item elementor-repeater-item-1d73f1f\">\r\n                            <h3 class=\"rkit-marquee-item-content\">\r\n\r\n                                \r\n                                                                    <div style=\"width: 0px; height:0px;\"> <\/div>\r\n                                \r\n\r\n                                <div class=\"rkit-running-text__text\">\r\n                                    on request with individual decoration                                <\/div>\r\n\r\n                                <\/dh3>\r\n                        <\/div>\r\n                                            <div class=\"rkit-marquee-item elementor-repeater-item-7763f31\">\r\n                            <h3 class=\"rkit-marquee-item-content\">\r\n\r\n                                \r\n                                                                    <div style=\"width: 0px; height:0px;\"> <\/div>\r\n                                \r\n\r\n                                <div class=\"rkit-running-text__text\">\r\n                                    Drinks &amp; snacks can be ordered directly in the room                                <\/div>\r\n\r\n                                <\/dh3>\r\n                        <\/div>\r\n                                            <div class=\"rkit-marquee-item elementor-repeater-item-80eab74\">\r\n                            <h3 class=\"rkit-marquee-item-content\">\r\n\r\n                                \r\n                                                                    <div style=\"width: 0px; height:0px;\"> <\/div>\r\n                                \r\n\r\n                                <div class=\"rkit-running-text__text\">\r\n                                    Limitless song requests                                <\/div>\r\n\r\n                                <\/dh3>\r\n                        <\/div>\r\n                                            <div class=\"rkit-marquee-item elementor-repeater-item-0613ea6\">\r\n                            <h3 class=\"rkit-marquee-item-content\">\r\n\r\n                                \r\n                                                                    <div style=\"width: 0px; height:0px;\"> <\/div>\r\n                                \r\n\r\n                                <div class=\"rkit-running-text__text\">\r\n                                    individual room sizes for every group                                <\/div>\r\n\r\n                                <\/dh3>\r\n                        <\/div>\r\n                                    <\/div>\r\n            <\/div>\r\n        <\/div>\r\n\t\t\t\t<\/div>\n\t\t\t\t<\/div>\n\t\t\t\t\t<\/div>\n\t\t\t\t<\/div>\n\t\t<div class=\"elementor-element elementor-element-112329a elementor-hidden-mobile e-flex e-con-boxed e-con e-parent\" data-id=\"112329a\" data-element_type=\"container\">\n\t\t\t\t\t<div class=\"e-con-inner\">\n\t\t\t\t<div class=\"elementor-element elementor-element-83bb652 elementor-widget elementor-widget-spacer\" data-id=\"83bb652\" data-element_type=\"widget\" data-widget_type=\"spacer.default\">\n\t\t\t\t\t\t\t<div class=\"elementor-spacer\">\n\t\t\t<div class=\"elementor-spacer-inner\"><\/div>\n\t\t<\/div>\n\t\t\t\t\t\t<\/div>\n\t\t\t\t\t<\/div>\n\t\t\t\t<\/div>\n\t\t<div class=\"elementor-element elementor-element-9a4216c e-flex e-con-boxed e-con e-parent\" data-id=\"9a4216c\" data-element_type=\"container\">\n\t\t\t\t\t<div class=\"e-con-inner\">\n\t\t\t\t<div class=\"elementor-element elementor-element-55ca5f1 elementor-widget elementor-widget-heading\" data-id=\"55ca5f1\" data-element_type=\"widget\" data-widget_type=\"heading.default\">\n\t\t\t\t\t<h2 class=\"elementor-heading-title elementor-size-default\">for every occasion<\/h2>\t\t\t\t<\/div>\n\t\t\t\t\t<\/div>\n\t\t\t\t<\/div>\n\t\t<div class=\"elementor-element elementor-element-c91bcf1 e-flex e-con-boxed e-con e-parent\" data-id=\"c91bcf1\" data-element_type=\"container\">\n\t\t\t\t\t<div class=\"e-con-inner\">\n\t\t<div class=\"elementor-element elementor-element-6e14f7e e-con-full e-flex e-con e-child\" data-id=\"6e14f7e\" data-element_type=\"container\">\n\t\t\t\t<div class=\"elementor-element elementor-element-4cc841b elementor-widget elementor-widget-image\" data-id=\"4cc841b\" data-element_type=\"widget\" data-widget_type=\"image.default\">\n\t\t\t\t\t\t\t\t\t\t\t\t\t\t\t<img fetchpriority=\"high\" decoding=\"async\" width=\"768\" height=\"1152\" src=\"https:\/\/kinglow-karaoke.at\/wp-content\/uploads\/2025\/10\/4cdb0dae-ca95-4586-ba85-82e75836a9a4-768x1152.jpg\" class=\"attachment-medium_large size-medium_large wp-image-554\" alt=\"Geburtstagsparty bei KinGlow, Karaokegesang\" srcset=\"https:\/\/kinglow-karaoke.at\/wp-content\/uploads\/2025\/10\/4cdb0dae-ca95-4586-ba85-82e75836a9a4-768x1152.jpg 768w, https:\/\/kinglow-karaoke.at\/wp-content\/uploads\/2025\/10\/4cdb0dae-ca95-4586-ba85-82e75836a9a4-200x300.jpg 200w, https:\/\/kinglow-karaoke.at\/wp-content\/uploads\/2025\/10\/4cdb0dae-ca95-4586-ba85-82e75836a9a4-683x1024.jpg 683w, https:\/\/kinglow-karaoke.at\/wp-content\/uploads\/2025\/10\/4cdb0dae-ca95-4586-ba85-82e75836a9a4-1024x1536.jpg 1024w, https:\/\/kinglow-karaoke.at\/wp-content\/uploads\/2025\/10\/4cdb0dae-ca95-4586-ba85-82e75836a9a4-1366x2048.jpg 1366w, https:\/\/kinglow-karaoke.at\/wp-content\/uploads\/2025\/10\/4cdb0dae-ca95-4586-ba85-82e75836a9a4-8x12.jpg 8w, https:\/\/kinglow-karaoke.at\/wp-content\/uploads\/2025\/10\/4cdb0dae-ca95-4586-ba85-82e75836a9a4-scaled.jpg 1707w\" sizes=\"(max-width: 768px) 100vw, 768px\" \/>\t\t\t\t\t\t\t\t\t\t\t\t\t\t\t<\/div>\n\t\t<div class=\"elementor-element elementor-element-c6c0729 e-con-full e-flex e-con e-child\" data-id=\"c6c0729\" data-element_type=\"container\">\n\t\t\t\t<div class=\"elementor-element elementor-element-930b0a7 elementor-widget elementor-widget-heading\" data-id=\"930b0a7\" data-element_type=\"widget\" data-widget_type=\"heading.default\">\n\t\t\t\t\t<h2 class=\"elementor-heading-title elementor-size-default\">your birthday party<\/h2>\t\t\t\t<\/div>\n\t\t\t\t<div class=\"elementor-element elementor-element-639ff85 elementor-widget elementor-widget-text-editor\" data-id=\"639ff85\" data-element_type=\"widget\" data-widget_type=\"text-editor.default\">\n\t\t\t\t\t\t\t\t\t<p>Does your team have something to celebrate? Then KinGlow is the perfect location for your company party in Vienna. Whether it's a year-end celebration, a team night, or an incentive \u2013 singing together breaks the ice, sparks laughter, and builds genuine connection.<\/p>\t\t\t\t\t\t\t\t<\/div>\n\t\t\t\t<\/div>\n\t\t\t\t<\/div>\n\t\t<div class=\"elementor-element elementor-element-c2055ce e-con-full e-flex e-con e-child\" data-id=\"c2055ce\" data-element_type=\"container\">\n\t\t\t\t<div class=\"elementor-element elementor-element-1d4d797 elementor-widget elementor-widget-image\" data-id=\"1d4d797\" data-element_type=\"widget\" data-widget_type=\"image.default\">\n\t\t\t\t\t\t\t\t\t\t\t\t\t\t\t<img decoding=\"async\" width=\"768\" height=\"1152\" data-src=\"https:\/\/kinglow-karaoke.at\/wp-content\/uploads\/2026\/01\/Firmenfeier-Neu-768x1152.jpeg\" class=\"attachment-medium_large size-medium_large wp-image-1870 lazyload\" alt=\"\" data-srcset=\"https:\/\/kinglow-karaoke.at\/wp-content\/uploads\/2026\/01\/Firmenfeier-Neu-768x1152.jpeg 768w, https:\/\/kinglow-karaoke.at\/wp-content\/uploads\/2026\/01\/Firmenfeier-Neu-200x300.jpeg 200w, https:\/\/kinglow-karaoke.at\/wp-content\/uploads\/2026\/01\/Firmenfeier-Neu-683x1024.jpeg 683w, https:\/\/kinglow-karaoke.at\/wp-content\/uploads\/2026\/01\/Firmenfeier-Neu-8x12.jpeg 8w, https:\/\/kinglow-karaoke.at\/wp-content\/uploads\/2026\/01\/Firmenfeier-Neu.jpeg 1024w\" data-sizes=\"(max-width: 768px) 100vw, 768px\" src=\"data:image\/svg+xml;base64,PHN2ZyB3aWR0aD0iMSIgaGVpZ2h0PSIxIiB4bWxucz0iaHR0cDovL3d3dy53My5vcmcvMjAwMC9zdmciPjwvc3ZnPg==\" style=\"--smush-placeholder-width: 768px; --smush-placeholder-aspect-ratio: 768\/1152;\" \/>\t\t\t\t\t\t\t\t\t\t\t\t\t\t\t<\/div>\n\t\t<div class=\"elementor-element elementor-element-cc711df e-con-full e-flex e-con e-child\" data-id=\"cc711df\" data-element_type=\"container\">\n\t\t\t\t<div class=\"elementor-element elementor-element-537d375 elementor-widget elementor-widget-heading\" data-id=\"537d375\" data-element_type=\"widget\" data-widget_type=\"heading.default\">\n\t\t\t\t\t<h2 class=\"elementor-heading-title elementor-size-default\">your business event<\/h2>\t\t\t\t<\/div>\n\t\t\t\t<div class=\"elementor-element elementor-element-ce48b77 elementor-widget elementor-widget-text-editor\" data-id=\"ce48b77\" data-element_type=\"widget\" data-widget_type=\"text-editor.default\">\n\t\t\t\t\t\t\t\t\t<p>Does your team have something to celebrate? Then KinGlow is the perfect location for your company party in Vienna. Whether it's a year-end celebration, a team night, or an incentive \u2013 singing together breaks the ice, sparks laughter, and builds genuine connection.<\/p>\t\t\t\t\t\t\t\t<\/div>\n\t\t\t\t<\/div>\n\t\t\t\t<\/div>\n\t\t<div class=\"elementor-element elementor-element-8258942 e-con-full e-flex e-con e-child\" data-id=\"8258942\" data-element_type=\"container\">\n\t\t\t\t<div class=\"elementor-element elementor-element-489ec3f elementor-widget elementor-widget-image\" data-id=\"489ec3f\" data-element_type=\"widget\" data-widget_type=\"image.default\">\n\t\t\t\t\t\t\t\t\t\t\t\t\t\t\t<img decoding=\"async\" width=\"768\" height=\"576\" data-src=\"https:\/\/kinglow-karaoke.at\/wp-content\/uploads\/2025\/10\/\u7167\u7247-2024-12-13-09-20-00-1-768x576.jpg\" class=\"attachment-medium_large size-medium_large wp-image-1499 lazyload\" alt=\"Drinks KinGlow\" data-srcset=\"https:\/\/kinglow-karaoke.at\/wp-content\/uploads\/2025\/10\/\u7167\u7247-2024-12-13-09-20-00-1-768x576.jpg 768w, https:\/\/kinglow-karaoke.at\/wp-content\/uploads\/2025\/10\/\u7167\u7247-2024-12-13-09-20-00-1-300x225.jpg 300w, https:\/\/kinglow-karaoke.at\/wp-content\/uploads\/2025\/10\/\u7167\u7247-2024-12-13-09-20-00-1-1024x768.jpg 1024w, https:\/\/kinglow-karaoke.at\/wp-content\/uploads\/2025\/10\/\u7167\u7247-2024-12-13-09-20-00-1-1536x1152.jpg 1536w, https:\/\/kinglow-karaoke.at\/wp-content\/uploads\/2025\/10\/\u7167\u7247-2024-12-13-09-20-00-1-16x12.jpg 16w, https:\/\/kinglow-karaoke.at\/wp-content\/uploads\/2025\/10\/\u7167\u7247-2024-12-13-09-20-00-1.jpg 1600w\" data-sizes=\"(max-width: 768px) 100vw, 768px\" src=\"data:image\/svg+xml;base64,PHN2ZyB3aWR0aD0iMSIgaGVpZ2h0PSIxIiB4bWxucz0iaHR0cDovL3d3dy53My5vcmcvMjAwMC9zdmciPjwvc3ZnPg==\" style=\"--smush-placeholder-width: 768px; --smush-placeholder-aspect-ratio: 768\/576;\" \/>\t\t\t\t\t\t\t\t\t\t\t\t\t\t\t<\/div>\n\t\t<div class=\"elementor-element elementor-element-1f1cc57 e-con-full e-flex e-con e-child\" data-id=\"1f1cc57\" data-element_type=\"container\">\n\t\t\t\t<div class=\"elementor-element elementor-element-dbb7ebc elementor-widget elementor-widget-heading\" data-id=\"dbb7ebc\" data-element_type=\"widget\" data-widget_type=\"heading.default\">\n\t\t\t\t\t<h2 class=\"elementor-heading-title elementor-size-default\">bachelor's party<\/h2>\t\t\t\t<\/div>\n\t\t\t\t<div class=\"elementor-element elementor-element-7efb974 elementor-widget elementor-widget-text-editor\" data-id=\"7efb974\" data-element_type=\"widget\" data-widget_type=\"text-editor.default\">\n\t\t\t\t\t\t\t\t\t<p>Are you getting married soon and still looking for a truly fantastic evening program? Then nothing stands in the way of a successful bachelorette party \u2013 boisterous singing, cool music requests, and a great party atmosphere guaranteed!<\/p>\t\t\t\t\t\t\t\t<\/div>\n\t\t\t\t<\/div>\n\t\t\t\t<\/div>\n\t\t\t\t\t<\/div>\n\t\t\t\t<\/div>\n\t\t<div class=\"elementor-element elementor-element-a1e6b6a e-flex e-con-boxed e-con e-parent\" data-id=\"a1e6b6a\" data-element_type=\"container\">\n\t\t\t\t\t<div class=\"e-con-inner\">\n\t\t\t\t<div class=\"elementor-element elementor-element-525b302 elementor-align-center elementor-widget elementor-widget-button\" data-id=\"525b302\" data-element_type=\"widget\" data-widget_type=\"button.default\">\n\t\t\t\t\t\t\t\t\t\t<a class=\"elementor-button elementor-button-link elementor-size-sm elementor-animation-shrink\" href=\"https:\/\/kinglow-karaoke.at\/en\/raeume\/\">\n\t\t\t\t\t\t<span class=\"elementor-button-content-wrapper\">\n\t\t\t\t\t\t\t\t\t<span class=\"elementor-button-text\">Find your party room<\/span>\n\t\t\t\t\t<\/span>\n\t\t\t\t\t<\/a>\n\t\t\t\t\t\t\t\t<\/div>\n\t\t\t\t<div class=\"elementor-element elementor-element-ce434b0 elementor-widget elementor-widget-spacer\" data-id=\"ce434b0\" data-element_type=\"widget\" data-widget_type=\"spacer.default\">\n\t\t\t\t\t\t\t<div class=\"elementor-spacer\">\n\t\t\t<div class=\"elementor-spacer-inner\"><\/div>\n\t\t<\/div>\n\t\t\t\t\t\t<\/div>\n\t\t\t\t\t<\/div>\n\t\t\t\t<\/div>\n\t\t<div class=\"elementor-element elementor-element-bc5c3a0 e-flex e-con-boxed e-con e-parent\" data-id=\"bc5c3a0\" data-element_type=\"container\">\n\t\t\t\t\t<div class=\"e-con-inner\">\n\t\t\t\t<div class=\"elementor-element elementor-element-40dc815 elementor-widget elementor-widget-heading\" data-id=\"40dc815\" data-element_type=\"widget\" data-widget_type=\"heading.default\">\n\t\t\t\t\t<h3 class=\"elementor-heading-title elementor-size-default\">you celebrate - we do the rest<\/h3>\t\t\t\t<\/div>\n\t\t\t\t<div class=\"elementor-element elementor-element-472b34a elementor-widget elementor-widget-spacer\" data-id=\"472b34a\" data-element_type=\"widget\" data-widget_type=\"spacer.default\">\n\t\t\t\t\t\t\t<div class=\"elementor-spacer\">\n\t\t\t<div class=\"elementor-spacer-inner\"><\/div>\n\t\t<\/div>\n\t\t\t\t\t\t<\/div>\n\t\t\t\t<div class=\"elementor-element elementor-element-7da70c8 elementor-widget__width-initial elementor-widget elementor-widget-text-editor\" data-id=\"7da70c8\" data-element_type=\"widget\" data-widget_type=\"text-editor.default\">\n\t\t\t\t\t\t\t\t\t<p>No matter what the occasion, we'll help you make it happen. You can pre-order drinks and snacks so everything is ready when you arrive and you can start celebrating right away. We're also happy to take care of the decorations \u2013 so what are you waiting for?<\/p><p>And if you have any special requests or ideas, we are of course always available to provide you with personal advice.<\/p>\t\t\t\t\t\t\t\t<\/div>\n\t\t\t\t<div class=\"elementor-element elementor-element-4af2847 elementor-align-center elementor-widget elementor-widget-button\" data-id=\"4af2847\" data-element_type=\"widget\" data-widget_type=\"button.default\">\n\t\t\t\t\t\t\t\t\t\t<a class=\"elementor-button elementor-button-link elementor-size-sm elementor-animation-shrink\" href=\"https:\/\/kinglow-karaoke.at\/en\/reservierung-und-kontakt\/\">\n\t\t\t\t\t\t<span class=\"elementor-button-content-wrapper\">\n\t\t\t\t\t\t\t\t\t<span class=\"elementor-button-text\">Contact us<\/span>\n\t\t\t\t\t<\/span>\n\t\t\t\t\t<\/a>\n\t\t\t\t\t\t\t\t<\/div>\n\t\t\t\t<div class=\"elementor-element elementor-element-1067fac elementor-widget elementor-widget-spacer\" data-id=\"1067fac\" data-element_type=\"widget\" data-widget_type=\"spacer.default\">\n\t\t\t\t\t\t\t<div class=\"elementor-spacer\">\n\t\t\t<div class=\"elementor-spacer-inner\"><\/div>\n\t\t<\/div>\n\t\t\t\t\t\t<\/div>\n\t\t\t\t\t<\/div>\n\t\t\t\t<\/div>\n\t\t\t\t<\/div>","protected":false},"excerpt":{"rendered":"<p>Jeder Anlass verdient ein bisschen Glow. Deine Feier bei uns W\u00e4hle von 8 R\u00e4umen Lade bis zu 30 Freunde ein Feiere bis 4 Uhr fr\u00fch &gt; W\u00e4hle aus &gt;1000 Songs Private, klimatisierte R\u00e4ume Top-sound &amp; Lichtstimmung auf Wunsch mit individueller Deko Getr\u00e4nke &amp; Snacks direkt im Raum bestellbar Musikw\u00fcnsche ohne Limit Individuelle Raumgr\u00f6\u00dfe f\u00fcr jedes [&hellip;]<\/p>","protected":false},"author":1,"featured_media":0,"parent":0,"menu_order":0,"comment_status":"closed","ping_status":"closed","template":"elementor_header_footer","meta":{"footnotes":""},"class_list":["post-378","page","type-page","status-publish","hentry"],"_links":{"self":[{"href":"https:\/\/kinglow-karaoke.at\/en\/wp-json\/wp\/v2\/pages\/378","targetHints":{"allow":["GET"]}}],"collection":[{"href":"https:\/\/kinglow-karaoke.at\/en\/wp-json\/wp\/v2\/pages"}],"about":[{"href":"https:\/\/kinglow-karaoke.at\/en\/wp-json\/wp\/v2\/types\/page"}],"author":[{"embeddable":true,"href":"https:\/\/kinglow-karaoke.at\/en\/wp-json\/wp\/v2\/users\/1"}],"replies":[{"embeddable":true,"href":"https:\/\/kinglow-karaoke.at\/en\/wp-json\/wp\/v2\/comments?post=378"}],"version-history":[{"count":179,"href":"https:\/\/kinglow-karaoke.at\/en\/wp-json\/wp\/v2\/pages\/378\/revisions"}],"predecessor-version":[{"id":1873,"href":"https:\/\/kinglow-karaoke.at\/en\/wp-json\/wp\/v2\/pages\/378\/revisions\/1873"}],"wp:attachment":[{"href":"https:\/\/kinglow-karaoke.at\/en\/wp-json\/wp\/v2\/media?parent=378"}],"curies":[{"name":"wp","href":"https:\/\/api.w.org\/{rel}","templated":true}]}}